{"id":94,"date":"2024-08-16T14:03:51","date_gmt":"2024-08-16T12:03:51","guid":{"rendered":"http:\/\/www.bellibule.fr\/?post_type=product&#038;p=94"},"modified":"2024-09-04T13:50:56","modified_gmt":"2024-09-04T11:50:56","slug":"planche-feuille","status":"publish","type":"product","link":"https:\/\/www.bellibule.fr\/index.php\/produit\/planche-feuille\/","title":{"rendered":"Planche feuille"},"content":{"rendered":"<p>Planche \u00e0 d\u00e9couper ou de service.<\/p>\n<p>Cette planche \u00e0 d\u00e9couper en bois de h\u00eatre est id\u00e9ale pour pr\u00e9parer vos ingr\u00e9dients, elle peut \u00e9galement \u00eatre utilis\u00e9e comme planche de service pour pr\u00e9senter vos plats avec \u00e9l\u00e9gance. Sa surface lisse et durable en fait un indispensable pour toutes vos t\u00e2ches culinaires, tout en apportant une touche naturelle et chaleureuse \u00e0 votre table.<\/p>\n<p>Pi\u00e8ce unique.<\/p>\n<p>Bois de h\u00eatre.<\/p>\n<p>Dimensions de la planche: 41 cm x 19,5 cm x 1,7 cm<\/p>\n","protected":false},"excerpt":{"rendered":"<p>Planche \u00e0 d\u00e9couper ou de service en h\u00eatre.<\/p>\n","protected":false},"featured_media":95,"comment_status":"open","ping_status":"closed","template":"","meta":[],"product_brand":[],"product_cat":[20],"product_tag":[],"class_list":{"0":"post-94","1":"product","2":"type-product","3":"status-publish","4":"has-post-thumbnail","6":"product_cat-planches","8":"first","9":"instock","10":"sold-individually","11":"shipping-taxable","12":"purchasable","13":"product-type-simple"},"jetpack_sharing_enabled":true,"_links":{"self":[{"href":"https:\/\/www.bellibule.fr\/index.php\/wp-json\/wp\/v2\/product\/94","targetHints":{"allow":["GET"]}}],"collection":[{"href":"https:\/\/www.bellibule.fr\/index.php\/wp-json\/wp\/v2\/product"}],"about":[{"href":"https:\/\/www.bellibule.fr\/index.php\/wp-json\/wp\/v2\/types\/product"}],"replies":[{"embeddable":true,"href":"https:\/\/www.bellibule.fr\/index.php\/wp-json\/wp\/v2\/comments?post=94"}],"wp:featuredmedia":[{"embeddable":true,"href":"https:\/\/www.bellibule.fr\/index.php\/wp-json\/wp\/v2\/media\/95"}],"wp:attachment":[{"href":"https:\/\/www.bellibule.fr\/index.php\/wp-json\/wp\/v2\/media?parent=94"}],"wp:term":[{"taxonomy":"product_brand","embeddable":true,"href":"https:\/\/www.bellibule.fr\/index.php\/wp-json\/wp\/v2\/product_brand?post=94"},{"taxonomy":"product_cat","embeddable":true,"href":"https:\/\/www.bellibule.fr\/index.php\/wp-json\/wp\/v2\/product_cat?post=94"},{"taxonomy":"product_tag","embeddable":true,"href":"https:\/\/www.bellibule.fr\/index.php\/wp-json\/wp\/v2\/product_tag?post=94"}],"curies":[{"name":"wp","href":"https:\/\/api.w.org\/{rel}","templated":true}]}}