{"id":311,"date":"2025-12-11T23:56:15","date_gmt":"2025-12-11T22:56:15","guid":{"rendered":"https:\/\/www.bellibule.fr\/?post_type=product&#038;p=311"},"modified":"2025-12-12T00:04:37","modified_gmt":"2025-12-11T23:04:37","slug":"pendentif-medaillon-aux-champignons","status":"publish","type":"product","link":"https:\/\/www.bellibule.fr\/index.php\/produit\/pendentif-medaillon-aux-champignons\/","title":{"rendered":"Pendentif m\u00e9daillon aux champignons"},"content":{"rendered":"<p data-start=\"2379\" data-end=\"2621\">Ce m\u00e9daillon artisanal en bois de h\u00eatre accueille une minuscule sc\u00e8ne foresti\u00e8re : de petits champignons sculpt\u00e9s au couteau avec minutie, comme un fragment de for\u00eat miniature.<br data-start=\"2534\" data-end=\"2537\" \/>Po\u00e9tique et enchant\u00e9, il \u00e9voque les contes, la nature secr\u00e8te et l\u2019univers des f\u00e9es.<\/p>\n<p data-start=\"2623\" data-end=\"2817\"><strong data-start=\"2623\" data-end=\"2639\">Id\u00e9al pour :<\/strong> les amoureux des ambiances f\u00e9eriques, les collectionneurs d\u2019objets uniques, les \u00e2mes sensibles \u00e0 la magie du petit monde.<br data-start=\"2761\" data-end=\"2764\" \/><strong data-start=\"2764\" data-end=\"2778\">Finition :<\/strong> huiles naturelles.<br data-start=\"2797\" data-end=\"2800\" \/><strong data-start=\"2800\" data-end=\"2817\">Pi\u00e8ce unique.<\/strong><\/p>\n<p data-start=\"2623\" data-end=\"2817\">Cordon coton cir\u00e9.<\/p>\n","protected":false},"excerpt":{"rendered":"<p>Bijou inspir\u00e9 de la nature. Pendentif motif avec des petits champignons.<\/p>\n","protected":false},"featured_media":312,"comment_status":"open","ping_status":"closed","template":"","meta":[],"product_brand":[],"product_cat":[25],"product_tag":[],"class_list":{"0":"post-311","1":"product","2":"type-product","3":"status-publish","4":"has-post-thumbnail","6":"product_cat-bijoux","8":"first","9":"instock","10":"sold-individually","11":"shipping-taxable","12":"purchasable","13":"product-type-simple"},"jetpack_sharing_enabled":true,"_links":{"self":[{"href":"https:\/\/www.bellibule.fr\/index.php\/wp-json\/wp\/v2\/product\/311","targetHints":{"allow":["GET"]}}],"collection":[{"href":"https:\/\/www.bellibule.fr\/index.php\/wp-json\/wp\/v2\/product"}],"about":[{"href":"https:\/\/www.bellibule.fr\/index.php\/wp-json\/wp\/v2\/types\/product"}],"replies":[{"embeddable":true,"href":"https:\/\/www.bellibule.fr\/index.php\/wp-json\/wp\/v2\/comments?post=311"}],"wp:featuredmedia":[{"embeddable":true,"href":"https:\/\/www.bellibule.fr\/index.php\/wp-json\/wp\/v2\/media\/312"}],"wp:attachment":[{"href":"https:\/\/www.bellibule.fr\/index.php\/wp-json\/wp\/v2\/media?parent=311"}],"wp:term":[{"taxonomy":"product_brand","embeddable":true,"href":"https:\/\/www.bellibule.fr\/index.php\/wp-json\/wp\/v2\/product_brand?post=311"},{"taxonomy":"product_cat","embeddable":true,"href":"https:\/\/www.bellibule.fr\/index.php\/wp-json\/wp\/v2\/product_cat?post=311"},{"taxonomy":"product_tag","embeddable":true,"href":"https:\/\/www.bellibule.fr\/index.php\/wp-json\/wp\/v2\/product_tag?post=311"}],"curies":[{"name":"wp","href":"https:\/\/api.w.org\/{rel}","templated":true}]}}