{"id":309,"date":"2025-12-11T23:49:17","date_gmt":"2025-12-11T22:49:17","guid":{"rendered":"https:\/\/www.bellibule.fr\/?post_type=product&#038;p=309"},"modified":"2025-12-12T00:04:49","modified_gmt":"2025-12-11T23:04:49","slug":"pendentif-plume","status":"publish","type":"product","link":"https:\/\/www.bellibule.fr\/index.php\/produit\/pendentif-plume\/","title":{"rendered":"Pendentif plume"},"content":{"rendered":"<p data-start=\"1400\" data-end=\"1571\">Sculpt\u00e9e au couteau avec soin, cette plume en bois de h\u00eatre symbolise la l\u00e9g\u00e8ret\u00e9, l\u2019inspiration et la libert\u00e9. Son design \u00e9pur\u00e9 et fluide en fait un pendentif \u00e9l\u00e9gant et intemporel.<\/p>\n<p data-start=\"1573\" data-end=\"1769\"><strong data-start=\"1573\" data-end=\"1589\">Id\u00e9al pour :<\/strong> les personnes cr\u00e9atives, les esprits libres ou ceux qui cherchent un bijou charg\u00e9 de douceur.<br data-start=\"1683\" data-end=\"1686\" \/><strong data-start=\"1686\" data-end=\"1700\">Finition :<\/strong> huiles naturelles \u2013 grain du bois mis en valeur.<br data-start=\"1749\" data-end=\"1752\" \/><strong data-start=\"1752\" data-end=\"1769\">Pi\u00e8ce unique.<\/strong><\/p>\n<p data-start=\"1573\" data-end=\"1769\">Cordon coton cir\u00e9.<\/p>\n<p data-start=\"1573\" data-end=\"1769\">\n","protected":false},"excerpt":{"rendered":"<p>Bijou inspir\u00e9 de la nature. Pendentif motif plume.<\/p>\n","protected":false},"featured_media":310,"comment_status":"open","ping_status":"closed","template":"","meta":[],"product_brand":[],"product_cat":[25],"product_tag":[],"class_list":{"0":"post-309","1":"product","2":"type-product","3":"status-publish","4":"has-post-thumbnail","6":"product_cat-bijoux","8":"first","9":"instock","10":"sold-individually","11":"shipping-taxable","12":"purchasable","13":"product-type-simple"},"jetpack_sharing_enabled":true,"_links":{"self":[{"href":"https:\/\/www.bellibule.fr\/index.php\/wp-json\/wp\/v2\/product\/309","targetHints":{"allow":["GET"]}}],"collection":[{"href":"https:\/\/www.bellibule.fr\/index.php\/wp-json\/wp\/v2\/product"}],"about":[{"href":"https:\/\/www.bellibule.fr\/index.php\/wp-json\/wp\/v2\/types\/product"}],"replies":[{"embeddable":true,"href":"https:\/\/www.bellibule.fr\/index.php\/wp-json\/wp\/v2\/comments?post=309"}],"wp:featuredmedia":[{"embeddable":true,"href":"https:\/\/www.bellibule.fr\/index.php\/wp-json\/wp\/v2\/media\/310"}],"wp:attachment":[{"href":"https:\/\/www.bellibule.fr\/index.php\/wp-json\/wp\/v2\/media?parent=309"}],"wp:term":[{"taxonomy":"product_brand","embeddable":true,"href":"https:\/\/www.bellibule.fr\/index.php\/wp-json\/wp\/v2\/product_brand?post=309"},{"taxonomy":"product_cat","embeddable":true,"href":"https:\/\/www.bellibule.fr\/index.php\/wp-json\/wp\/v2\/product_cat?post=309"},{"taxonomy":"product_tag","embeddable":true,"href":"https:\/\/www.bellibule.fr\/index.php\/wp-json\/wp\/v2\/product_tag?post=309"}],"curies":[{"name":"wp","href":"https:\/\/api.w.org\/{rel}","templated":true}]}}