{"id":306,"date":"2025-12-11T23:42:00","date_gmt":"2025-12-11T22:42:00","guid":{"rendered":"https:\/\/www.bellibule.fr\/?post_type=product&#038;p=306"},"modified":"2025-12-11T23:49:47","modified_gmt":"2025-12-11T22:49:47","slug":"pendentif-champignon","status":"publish","type":"product","link":"https:\/\/www.bellibule.fr\/index.php\/produit\/pendentif-champignon\/","title":{"rendered":"Pendentif champignon"},"content":{"rendered":"<p data-start=\"930\" data-end=\"1154\">Ce pendentif repr\u00e9sente un petit champignon en bois sculpt\u00e9, rappelant la po\u00e9sie des sous-bois et l\u2019univers f\u00e9erique. Ses formes arrondies et son style organique en font un bijou doux, chaleureux et protecteur.<\/p>\n<p data-start=\"1156\" data-end=\"1338\"><strong data-start=\"1156\" data-end=\"1172\">Id\u00e9al pour :<\/strong> les passionn\u00e9s du monde fantastique, les r\u00eaveurs et ceux qui aiment porter un clin d\u2019\u0153il discret \u00e0 la nature.<br data-start=\"1282\" data-end=\"1285\" \/><strong data-start=\"1285\" data-end=\"1299\">Finition :<\/strong> huiles naturelles.<br data-start=\"1318\" data-end=\"1321\" \/><strong data-start=\"1321\" data-end=\"1338\">Pi\u00e8ce unique.<\/strong><\/p>\n<p data-start=\"1156\" data-end=\"1338\">Cordon coton cir\u00e9.<\/p>\n","protected":false},"excerpt":{"rendered":"<p>Bijou inspir\u00e9 de la nature. Pendentif motif champignon.<\/p>\n","protected":false},"featured_media":307,"comment_status":"open","ping_status":"closed","template":"","meta":[],"product_brand":[],"product_cat":[25],"product_tag":[],"class_list":{"0":"post-306","1":"product","2":"type-product","3":"status-publish","4":"has-post-thumbnail","6":"product_cat-bijoux","8":"first","9":"instock","10":"sold-individually","11":"shipping-taxable","12":"purchasable","13":"product-type-simple"},"jetpack_sharing_enabled":true,"_links":{"self":[{"href":"https:\/\/www.bellibule.fr\/index.php\/wp-json\/wp\/v2\/product\/306","targetHints":{"allow":["GET"]}}],"collection":[{"href":"https:\/\/www.bellibule.fr\/index.php\/wp-json\/wp\/v2\/product"}],"about":[{"href":"https:\/\/www.bellibule.fr\/index.php\/wp-json\/wp\/v2\/types\/product"}],"replies":[{"embeddable":true,"href":"https:\/\/www.bellibule.fr\/index.php\/wp-json\/wp\/v2\/comments?post=306"}],"wp:featuredmedia":[{"embeddable":true,"href":"https:\/\/www.bellibule.fr\/index.php\/wp-json\/wp\/v2\/media\/307"}],"wp:attachment":[{"href":"https:\/\/www.bellibule.fr\/index.php\/wp-json\/wp\/v2\/media?parent=306"}],"wp:term":[{"taxonomy":"product_brand","embeddable":true,"href":"https:\/\/www.bellibule.fr\/index.php\/wp-json\/wp\/v2\/product_brand?post=306"},{"taxonomy":"product_cat","embeddable":true,"href":"https:\/\/www.bellibule.fr\/index.php\/wp-json\/wp\/v2\/product_cat?post=306"},{"taxonomy":"product_tag","embeddable":true,"href":"https:\/\/www.bellibule.fr\/index.php\/wp-json\/wp\/v2\/product_tag?post=306"}],"curies":[{"name":"wp","href":"https:\/\/api.w.org\/{rel}","templated":true}]}}