{"id":300,"date":"2025-12-11T23:28:23","date_gmt":"2025-12-11T22:28:23","guid":{"rendered":"https:\/\/www.bellibule.fr\/?post_type=product&#038;p=300"},"modified":"2025-12-11T23:50:34","modified_gmt":"2025-12-11T22:50:34","slug":"pendentif-feuille-de-chene","status":"publish","type":"product","link":"https:\/\/www.bellibule.fr\/index.php\/produit\/pendentif-feuille-de-chene\/","title":{"rendered":"Pendentif feuille de ch\u00eane"},"content":{"rendered":"<p data-start=\"347\" data-end=\"647\">Ce pendentif artisanal en bois de h\u00eatre est d\u00e9licatement sculpt\u00e9 \u00e0 la main en forme de feuille de ch\u00eane, symbole de force, d\u2019ancrage et de stabilit\u00e9. Chaque nervure est travaill\u00e9e avec finesse au couteau, rendant chaque pi\u00e8ce unique.<br data-start=\"559\" data-end=\"562\" \/>L\u00e9ger et chaleureux, il accompagne le quotidien comme un talisman naturel et discret.<\/p>\n<p data-start=\"649\" data-end=\"863\"><strong data-start=\"649\" data-end=\"665\">Id\u00e9al pour :<\/strong> les amoureux de la for\u00eat, ceux qui cherchent un bijou symbolique ou une connexion douce au monde v\u00e9g\u00e9tal.<br data-start=\"771\" data-end=\"774\" \/><strong data-start=\"774\" data-end=\"788\">Finition :<\/strong> huiles naturelles \u2013 toucher doux et l\u00e9g\u00e8rement satin\u00e9.<br data-start=\"843\" data-end=\"846\" \/><strong data-start=\"846\" data-end=\"863\">Pi\u00e8ce unique inspir\u00e9 de la nature.<\/strong><\/p>\n<p data-start=\"649\" data-end=\"863\">Attache acier inoxydable.<\/p>\n<p data-start=\"649\" data-end=\"863\">Cordon coton cir\u00e9.<\/p>\n","protected":false},"excerpt":{"rendered":"<p>Bijou inspir\u00e9 de la nature. Pendentif motif feuille de ch\u00eane.<\/p>\n","protected":false},"featured_media":302,"comment_status":"open","ping_status":"closed","template":"","meta":[],"product_brand":[],"product_cat":[25],"product_tag":[],"class_list":{"0":"post-300","1":"product","2":"type-product","3":"status-publish","4":"has-post-thumbnail","6":"product_cat-bijoux","8":"first","9":"instock","10":"sold-individually","11":"shipping-taxable","12":"purchasable","13":"product-type-simple"},"jetpack_sharing_enabled":true,"_links":{"self":[{"href":"https:\/\/www.bellibule.fr\/index.php\/wp-json\/wp\/v2\/product\/300","targetHints":{"allow":["GET"]}}],"collection":[{"href":"https:\/\/www.bellibule.fr\/index.php\/wp-json\/wp\/v2\/product"}],"about":[{"href":"https:\/\/www.bellibule.fr\/index.php\/wp-json\/wp\/v2\/types\/product"}],"replies":[{"embeddable":true,"href":"https:\/\/www.bellibule.fr\/index.php\/wp-json\/wp\/v2\/comments?post=300"}],"wp:featuredmedia":[{"embeddable":true,"href":"https:\/\/www.bellibule.fr\/index.php\/wp-json\/wp\/v2\/media\/302"}],"wp:attachment":[{"href":"https:\/\/www.bellibule.fr\/index.php\/wp-json\/wp\/v2\/media?parent=300"}],"wp:term":[{"taxonomy":"product_brand","embeddable":true,"href":"https:\/\/www.bellibule.fr\/index.php\/wp-json\/wp\/v2\/product_brand?post=300"},{"taxonomy":"product_cat","embeddable":true,"href":"https:\/\/www.bellibule.fr\/index.php\/wp-json\/wp\/v2\/product_cat?post=300"},{"taxonomy":"product_tag","embeddable":true,"href":"https:\/\/www.bellibule.fr\/index.php\/wp-json\/wp\/v2\/product_tag?post=300"}],"curies":[{"name":"wp","href":"https:\/\/api.w.org\/{rel}","templated":true}]}}