{"id":209,"date":"2024-11-21T23:56:17","date_gmt":"2024-11-21T22:56:17","guid":{"rendered":"https:\/\/www.bellibule.fr\/?post_type=product&#038;p=209"},"modified":"2024-11-22T00:04:36","modified_gmt":"2024-11-21T23:04:36","slug":"chandellebougie-grande-chandelle","status":"publish","type":"product","link":"https:\/\/www.bellibule.fr\/index.php\/produit\/chandellebougie-grande-chandelle\/","title":{"rendered":"Bougie grande chandelle"},"content":{"rendered":"<p><strong>Bougie grande chandelle en Cire d&rsquo;Abeille \u2013 Naturelle et Artisanale<\/strong><\/p>\n<p>Apportez une ambiance chaleureuse et authentique \u00e0 votre int\u00e9rieur avec cette bougie en cire d&rsquo;abeille 100% naturelle. Fabriqu\u00e9e artisanalement, elle d\u00e9gage un doux parfum miell\u00e9 lorsqu&rsquo;elle br\u00fble, cr\u00e9ant une atmosph\u00e8re apaisante et r\u00e9confortante.<\/p>\n<p>La cire d&rsquo;abeille, connue pour ses propri\u00e9t\u00e9s purifiantes, lib\u00e8re des ions n\u00e9gatifs qui aident \u00e0 assainir l&rsquo;air ambiant. Durable et \u00e9cologique, cette bougie est id\u00e9ale pour un usage quotidien ou pour des occasions sp\u00e9ciales.<\/p>\n<p><strong>Caract\u00e9ristiques :<\/strong><\/p>\n<ul>\n<li><strong>Mat\u00e9riau<\/strong> : Cire d&rsquo;abeille 100% naturelle<\/li>\n<li><strong>M\u00e8che<\/strong> : Coton non trait\u00e9<\/li>\n<li><strong>Parfum<\/strong> : Doux et naturel, miell\u00e9<\/li>\n<li><strong>Hauteur<\/strong> : 25 cm<\/li>\n<li><strong>Fabrication artisanale et locale<\/strong><\/li>\n<\/ul>\n<p><strong>Pr\u00e9cautions d&#8217;emploi :<\/strong><\/p>\n<ul>\n<li>Placez toujours la bougie sur une surface stable, r\u00e9sistante \u00e0 la chaleur et \u00e9loign\u00e9e des courants d&rsquo;air.<\/li>\n<li>Il est conseill\u00e9 de la poser sur un bougeoir solide.<\/li>\n<li>Ne laissez jamais une bougie allum\u00e9e sans surveillance, pensez \u00e0 \u00e9teindre votre bougie lorsque vous quittez la pi\u00e8ce.<\/li>\n<li>Tenez la bougie hors de port\u00e9e des enfants et des animaux domestiques.<\/li>\n<li>\u00c9viter de d\u00e9placer votre bougie en cours d&rsquo;utilisation.<\/li>\n<li>Coupez la m\u00e8che \u00e0 environ 5 mm avant chaque utilisation pour \u00e9viter une flamme trop grande.<\/li>\n<li>\u00c9teignez la bougie avant qu&rsquo;elle ne soit enti\u00e8rement consum\u00e9e pour prot\u00e9ger le support.<\/li>\n<\/ul>\n<p><strong>Id\u00e9ale pour un cadeau ou pour embellir votre espace<\/strong>, cette bougie combine esth\u00e9tisme, naturalit\u00e9 et bienfaits pour l\u2019air int\u00e9rieur, tout en respectant les r\u00e8gles de s\u00e9curit\u00e9 essentielles.<\/p>\n<p>Sa couleur peut \u00eatre l\u00e9g\u00e8rement diff\u00e9rente de celle de la photo. Chaque pi\u00e8ce est unique. La cire provient de mes ruches et sa couleur d\u00e9pend du travail des abeilles.<\/p>\n","protected":false},"excerpt":{"rendered":"<p>Bougie grande chandelle en cire d&rsquo;abeille 100% naturelle.<\/p>\n","protected":false},"featured_media":193,"comment_status":"open","ping_status":"closed","template":"","meta":[],"product_brand":[],"product_cat":[22],"product_tag":[],"class_list":{"0":"post-209","1":"product","2":"type-product","3":"status-publish","4":"has-post-thumbnail","6":"product_cat-bougies","8":"first","9":"instock","10":"shipping-taxable","11":"purchasable","12":"product-type-simple"},"jetpack_sharing_enabled":true,"_links":{"self":[{"href":"https:\/\/www.bellibule.fr\/index.php\/wp-json\/wp\/v2\/product\/209","targetHints":{"allow":["GET"]}}],"collection":[{"href":"https:\/\/www.bellibule.fr\/index.php\/wp-json\/wp\/v2\/product"}],"about":[{"href":"https:\/\/www.bellibule.fr\/index.php\/wp-json\/wp\/v2\/types\/product"}],"replies":[{"embeddable":true,"href":"https:\/\/www.bellibule.fr\/index.php\/wp-json\/wp\/v2\/comments?post=209"}],"wp:featuredmedia":[{"embeddable":true,"href":"https:\/\/www.bellibule.fr\/index.php\/wp-json\/wp\/v2\/media\/193"}],"wp:attachment":[{"href":"https:\/\/www.bellibule.fr\/index.php\/wp-json\/wp\/v2\/media?parent=209"}],"wp:term":[{"taxonomy":"product_brand","embeddable":true,"href":"https:\/\/www.bellibule.fr\/index.php\/wp-json\/wp\/v2\/product_brand?post=209"},{"taxonomy":"product_cat","embeddable":true,"href":"https:\/\/www.bellibule.fr\/index.php\/wp-json\/wp\/v2\/product_cat?post=209"},{"taxonomy":"product_tag","embeddable":true,"href":"https:\/\/www.bellibule.fr\/index.php\/wp-json\/wp\/v2\/product_tag?post=209"}],"curies":[{"name":"wp","href":"https:\/\/api.w.org\/{rel}","templated":true}]}}