{"id":165,"date":"2024-10-06T21:12:51","date_gmt":"2024-10-06T19:12:51","guid":{"rendered":"https:\/\/www.bellibule.fr\/?post_type=product&#038;p=165"},"modified":"2024-10-06T21:27:12","modified_gmt":"2024-10-06T19:27:12","slug":"citrouille-n2","status":"publish","type":"product","link":"https:\/\/www.bellibule.fr\/index.php\/produit\/citrouille-n2\/","title":{"rendered":"Citrouille n.2"},"content":{"rendered":"<p><strong>Citrouille en Laine Feutr\u00e9e \u00e0 l&rsquo;Aiguille \u2013 Pi\u00e8ce Unique et Fait Main<\/strong><\/p>\n<p>Ajoutez une touche chaleureuse et automnale avec cette citrouille en laine enti\u00e8rement fait \u00e0 la main, feutr\u00e9e \u00e0 l&rsquo;aiguille.<\/p>\n<p>Apportez une touche naturelle et artisanale \u00e0 votre int\u00e9rieur avec cette citrouille en laine feutr\u00e9e !<\/p>\n<p>Caract\u00e9ristiques :<\/p>\n<ul>\n<li>Mat\u00e9riau : 100% laine naturelle<\/li>\n<li>Taille : environ 6 cm<\/li>\n<li>Fait main avec la technique de feutrage \u00e0 l\u2019aiguille<\/li>\n<li>Pi\u00e8ce est unique<\/li>\n<li>Id\u00e9al pour la d\u00e9coration ou comme cadeau original<\/li>\n<\/ul>\n","protected":false},"excerpt":{"rendered":"<p>Citrouille en laine feutr\u00e9e \u00e0 l&rsquo;aiguille.<\/p>\n","protected":false},"featured_media":166,"comment_status":"open","ping_status":"closed","template":"","meta":[],"product_brand":[],"product_cat":[17],"product_tag":[],"class_list":{"0":"post-165","1":"product","2":"type-product","3":"status-publish","4":"has-post-thumbnail","6":"product_cat-figurines-en-laine","8":"first","9":"instock","10":"sold-individually","11":"shipping-taxable","12":"purchasable","13":"product-type-simple"},"jetpack_sharing_enabled":true,"_links":{"self":[{"href":"https:\/\/www.bellibule.fr\/index.php\/wp-json\/wp\/v2\/product\/165","targetHints":{"allow":["GET"]}}],"collection":[{"href":"https:\/\/www.bellibule.fr\/index.php\/wp-json\/wp\/v2\/product"}],"about":[{"href":"https:\/\/www.bellibule.fr\/index.php\/wp-json\/wp\/v2\/types\/product"}],"replies":[{"embeddable":true,"href":"https:\/\/www.bellibule.fr\/index.php\/wp-json\/wp\/v2\/comments?post=165"}],"wp:featuredmedia":[{"embeddable":true,"href":"https:\/\/www.bellibule.fr\/index.php\/wp-json\/wp\/v2\/media\/166"}],"wp:attachment":[{"href":"https:\/\/www.bellibule.fr\/index.php\/wp-json\/wp\/v2\/media?parent=165"}],"wp:term":[{"taxonomy":"product_brand","embeddable":true,"href":"https:\/\/www.bellibule.fr\/index.php\/wp-json\/wp\/v2\/product_brand?post=165"},{"taxonomy":"product_cat","embeddable":true,"href":"https:\/\/www.bellibule.fr\/index.php\/wp-json\/wp\/v2\/product_cat?post=165"},{"taxonomy":"product_tag","embeddable":true,"href":"https:\/\/www.bellibule.fr\/index.php\/wp-json\/wp\/v2\/product_tag?post=165"}],"curies":[{"name":"wp","href":"https:\/\/api.w.org\/{rel}","templated":true}]}}