{"id":148,"date":"2024-10-06T20:10:07","date_gmt":"2024-10-06T18:10:07","guid":{"rendered":"https:\/\/www.bellibule.fr\/?post_type=product&#038;p=148"},"modified":"2024-11-10T02:37:58","modified_gmt":"2024-11-10T01:37:58","slug":"lutin-norbert","status":"publish","type":"product","link":"https:\/\/www.bellibule.fr\/index.php\/produit\/lutin-norbert\/","title":{"rendered":"Lutin Norbert"},"content":{"rendered":"<p><strong>Lutin en Laine Feutr\u00e9e \u00e0 l&rsquo;Aiguille \u2013 Pi\u00e8ce Unique et Fait Main<\/strong><\/p>\n<p>Adorable lutin enti\u00e8rement fait \u00e0 la main \u00e0 partir de laine feutr\u00e9e \u00e0 l&rsquo;aiguille.<\/p>\n<p>Con\u00e7ue avec soin et minutie pour capturer l\u2019esprit magique et ludique du Petit Peuple.<\/p>\n<p>Apportez un peu de magie \u00e0 votre int\u00e9rieur avec ce lutin enchanteur en laine feutr\u00e9e !<\/p>\n<p>Caract\u00e9ristiques :<\/p>\n<ul>\n<li>Mat\u00e9riau : 100% laine naturelle<\/li>\n<li>Taille : environ 17 cm<\/li>\n<li>Fait main avec la technique de feutrage \u00e0 l\u2019aiguille<\/li>\n<li>Pi\u00e8ce est unique<\/li>\n<li>Id\u00e9al pour la d\u00e9coration ou comme cadeau original<\/li>\n<\/ul>\n","protected":false},"excerpt":{"rendered":"<p>Lutin en laine feutr\u00e9e \u00e0 l&rsquo;aiguille.<\/p>\n","protected":false},"featured_media":149,"comment_status":"open","ping_status":"closed","template":"","meta":[],"product_brand":[],"product_cat":[17],"product_tag":[],"class_list":{"0":"post-148","1":"product","2":"type-product","3":"status-publish","4":"has-post-thumbnail","6":"product_cat-figurines-en-laine","8":"first","9":"outofstock","10":"sold-individually","11":"shipping-taxable","12":"purchasable","13":"product-type-simple"},"jetpack_sharing_enabled":true,"_links":{"self":[{"href":"https:\/\/www.bellibule.fr\/index.php\/wp-json\/wp\/v2\/product\/148","targetHints":{"allow":["GET"]}}],"collection":[{"href":"https:\/\/www.bellibule.fr\/index.php\/wp-json\/wp\/v2\/product"}],"about":[{"href":"https:\/\/www.bellibule.fr\/index.php\/wp-json\/wp\/v2\/types\/product"}],"replies":[{"embeddable":true,"href":"https:\/\/www.bellibule.fr\/index.php\/wp-json\/wp\/v2\/comments?post=148"}],"wp:featuredmedia":[{"embeddable":true,"href":"https:\/\/www.bellibule.fr\/index.php\/wp-json\/wp\/v2\/media\/149"}],"wp:attachment":[{"href":"https:\/\/www.bellibule.fr\/index.php\/wp-json\/wp\/v2\/media?parent=148"}],"wp:term":[{"taxonomy":"product_brand","embeddable":true,"href":"https:\/\/www.bellibule.fr\/index.php\/wp-json\/wp\/v2\/product_brand?post=148"},{"taxonomy":"product_cat","embeddable":true,"href":"https:\/\/www.bellibule.fr\/index.php\/wp-json\/wp\/v2\/product_cat?post=148"},{"taxonomy":"product_tag","embeddable":true,"href":"https:\/\/www.bellibule.fr\/index.php\/wp-json\/wp\/v2\/product_tag?post=148"}],"curies":[{"name":"wp","href":"https:\/\/api.w.org\/{rel}","templated":true}]}}