{"id":115,"date":"2024-08-16T15:10:08","date_gmt":"2024-08-16T13:10:08","guid":{"rendered":"http:\/\/www.bellibule.fr\/?post_type=product&#038;p=115"},"modified":"2024-08-16T15:16:01","modified_gmt":"2024-08-16T13:16:01","slug":"cuillere-n-2","status":"publish","type":"product","link":"https:\/\/www.bellibule.fr\/index.php\/produit\/cuillere-n-2\/","title":{"rendered":"Cuill\u00e8re &#8211; n.2"},"content":{"rendered":"<p><strong>Cuill\u00e8re en Bois de Ch\u00e2taignier \u2013 Robustesse et \u00c9l\u00e9gance Naturelle<\/strong><\/p>\n<p>Cette cuill\u00e8re en bois de ch\u00e2taignier allie robustesse et \u00e9l\u00e9gance naturelle. Le ch\u00e2taignier, avec ses teintes chaleureuses, ajoute une touche authentique et raffin\u00e9e \u00e0 votre cuisine.<\/p>\n<p>Pi\u00e8ce unique.<\/p>\n<p>Bois de ch\u00e2taignier.<\/p>\n<p>Dimensions : 15,5 cm x 5,5 cm x 2,3 cm.<\/p>\n","protected":false},"excerpt":{"rendered":"<p>Cuill\u00e8re en bois de ch\u00e2taignier.<\/p>\n","protected":false},"featured_media":116,"comment_status":"open","ping_status":"closed","template":"","meta":[],"product_brand":[],"product_cat":[19],"product_tag":[],"class_list":{"0":"post-115","1":"product","2":"type-product","3":"status-publish","4":"has-post-thumbnail","6":"product_cat-cuilleres-et-couteaux","8":"first","9":"instock","10":"shipping-taxable","11":"purchasable","12":"product-type-simple"},"jetpack_sharing_enabled":true,"_links":{"self":[{"href":"https:\/\/www.bellibule.fr\/index.php\/wp-json\/wp\/v2\/product\/115","targetHints":{"allow":["GET"]}}],"collection":[{"href":"https:\/\/www.bellibule.fr\/index.php\/wp-json\/wp\/v2\/product"}],"about":[{"href":"https:\/\/www.bellibule.fr\/index.php\/wp-json\/wp\/v2\/types\/product"}],"replies":[{"embeddable":true,"href":"https:\/\/www.bellibule.fr\/index.php\/wp-json\/wp\/v2\/comments?post=115"}],"wp:featuredmedia":[{"embeddable":true,"href":"https:\/\/www.bellibule.fr\/index.php\/wp-json\/wp\/v2\/media\/116"}],"wp:attachment":[{"href":"https:\/\/www.bellibule.fr\/index.php\/wp-json\/wp\/v2\/media?parent=115"}],"wp:term":[{"taxonomy":"product_brand","embeddable":true,"href":"https:\/\/www.bellibule.fr\/index.php\/wp-json\/wp\/v2\/product_brand?post=115"},{"taxonomy":"product_cat","embeddable":true,"href":"https:\/\/www.bellibule.fr\/index.php\/wp-json\/wp\/v2\/product_cat?post=115"},{"taxonomy":"product_tag","embeddable":true,"href":"https:\/\/www.bellibule.fr\/index.php\/wp-json\/wp\/v2\/product_tag?post=115"}],"curies":[{"name":"wp","href":"https:\/\/api.w.org\/{rel}","templated":true}]}}