{"id":111,"date":"2024-08-16T15:09:16","date_gmt":"2024-08-16T13:09:16","guid":{"rendered":"http:\/\/www.bellibule.fr\/?post_type=product&#038;p=111"},"modified":"2024-08-16T15:09:17","modified_gmt":"2024-08-16T13:09:17","slug":"cuillere-n-1","status":"publish","type":"product","link":"https:\/\/www.bellibule.fr\/index.php\/produit\/cuillere-n-1\/","title":{"rendered":"Cuill\u00e8re &#8211; n.1"},"content":{"rendered":"<p><strong>Cuill\u00e8re en Bois de Peuplier \u2013 Douceur et L\u00e9g\u00e8ret\u00e9<\/strong><\/p>\n<p>Cette cuill\u00e8re en bois de peuplier. L\u00e9g\u00e8re et douce au toucher. Le bois de peuplier, naturellement r\u00e9sistant, assure durabilit\u00e9 et apporte une touche naturelle \u00e0 votre cuisine.<\/p>\n<p>Pi\u00e8ce unique.<\/p>\n<p>Bois de peuplier.<\/p>\n<p>Dimensions : longueur 29,5cm, diam\u00e8tre du cuilleron 9cm.<\/p>\n","protected":false},"excerpt":{"rendered":"<p>Cuill\u00e8re en bois de peuplier.<\/p>\n","protected":false},"featured_media":112,"comment_status":"open","ping_status":"closed","template":"","meta":[],"product_brand":[],"product_cat":[19],"product_tag":[],"class_list":{"0":"post-111","1":"product","2":"type-product","3":"status-publish","4":"has-post-thumbnail","6":"product_cat-cuilleres-et-couteaux","8":"first","9":"instock","10":"shipping-taxable","11":"purchasable","12":"product-type-simple"},"jetpack_sharing_enabled":true,"_links":{"self":[{"href":"https:\/\/www.bellibule.fr\/index.php\/wp-json\/wp\/v2\/product\/111","targetHints":{"allow":["GET"]}}],"collection":[{"href":"https:\/\/www.bellibule.fr\/index.php\/wp-json\/wp\/v2\/product"}],"about":[{"href":"https:\/\/www.bellibule.fr\/index.php\/wp-json\/wp\/v2\/types\/product"}],"replies":[{"embeddable":true,"href":"https:\/\/www.bellibule.fr\/index.php\/wp-json\/wp\/v2\/comments?post=111"}],"wp:featuredmedia":[{"embeddable":true,"href":"https:\/\/www.bellibule.fr\/index.php\/wp-json\/wp\/v2\/media\/112"}],"wp:attachment":[{"href":"https:\/\/www.bellibule.fr\/index.php\/wp-json\/wp\/v2\/media?parent=111"}],"wp:term":[{"taxonomy":"product_brand","embeddable":true,"href":"https:\/\/www.bellibule.fr\/index.php\/wp-json\/wp\/v2\/product_brand?post=111"},{"taxonomy":"product_cat","embeddable":true,"href":"https:\/\/www.bellibule.fr\/index.php\/wp-json\/wp\/v2\/product_cat?post=111"},{"taxonomy":"product_tag","embeddable":true,"href":"https:\/\/www.bellibule.fr\/index.php\/wp-json\/wp\/v2\/product_tag?post=111"}],"curies":[{"name":"wp","href":"https:\/\/api.w.org\/{rel}","templated":true}]}}