{"id":66,"date":"2024-08-16T11:39:07","date_gmt":"2024-08-16T09:39:07","guid":{"rendered":"http:\/\/www.bellibule.fr\/?page_id=66"},"modified":"2024-08-16T11:39:07","modified_gmt":"2024-08-16T09:39:07","slug":"accueil","status":"publish","type":"page","link":"https:\/\/www.bellibule.fr\/","title":{"rendered":"Accueil"},"content":{"rendered":"\n<figure class=\"wp-block-image size-large\"><img loading=\"lazy\" decoding=\"async\" width=\"1024\" height=\"204\" src=\"https:\/\/www.bellibule.fr\/wp-content\/uploads\/2024\/08\/bandeau_accueil_1-1024x204.png\" alt=\"\" class=\"wp-image-67\" srcset=\"https:\/\/www.bellibule.fr\/wp-content\/uploads\/2024\/08\/bandeau_accueil_1-1024x204.png 1024w, https:\/\/www.bellibule.fr\/wp-content\/uploads\/2024\/08\/bandeau_accueil_1-300x60.png 300w, https:\/\/www.bellibule.fr\/wp-content\/uploads\/2024\/08\/bandeau_accueil_1-768x153.png 768w, https:\/\/www.bellibule.fr\/wp-content\/uploads\/2024\/08\/bandeau_accueil_1-1536x305.png 1536w, https:\/\/www.bellibule.fr\/wp-content\/uploads\/2024\/08\/bandeau_accueil_1-2048x407.png 2048w, https:\/\/www.bellibule.fr\/wp-content\/uploads\/2024\/08\/bandeau_accueil_1-416x83.png 416w\" sizes=\"auto, (max-width: 1024px) 100vw, 1024px\" \/><\/figure>\n\n\n\n<p class=\"has-medium-font-size\"><strong>Entre laine et bois.<\/strong><\/p>\n\n\n\n<p>Bienvenue dans mon univers du fait main, o\u00f9 la tradition rencontre la cr\u00e9ativit\u00e9. Passionn\u00e9e par les mat\u00e9riaux naturels et leur potentiel infini, je transforme avec soin et amour la laine et le bois en objets uniques qui racontent une histoire.<\/p>\n\n\n\n<p>Mon histoire de l\u2019artisanat a commenc\u00e9 avec la teinture v\u00e9g\u00e9tale qui m\u2019a permis d\u2019allier deux \u00e9l\u00e9ments qui me sont chers, les plantes et la fabrication d\u2019objets. V\u00eatements et accessoires sont sortis de cette alliance. L\u2019histoire continue avec le travail de la laine et le feutrage. Puis la d\u00e9couverte d\u2019un outils fabuleux&nbsp;: le couteau \u00e0 sculpter.<\/p>\n\n\n\n<p class=\"has-medium-font-size\"><strong>L\u2019art de la laine&nbsp;: un univers f\u00e9\u00e9rique<\/strong><\/p>\n\n\n\n<p>La laine est une mati\u00e8re chaleureuse et douce, qui m&rsquo;inspire \u00e0 cr\u00e9er des figurines empreintes de caract\u00e8re et d&rsquo;\u00e9motion. Chaque figurine est le fruit d&rsquo;un travail minutieux et d\u00e9licat, o\u00f9 chaque fibre de laine est agenc\u00e9e avec pr\u00e9cision pour donner naissance \u00e0 des personnages qui semblent prendre vie sous vos yeux. Ces cr\u00e9ations sont non seulement d\u00e9coratives mais aussi porteuses de cette \u00e9nergie bienveillante que la laine peut transmettre.<\/p>\n\n\n\n<p class=\"has-medium-font-size\"><strong>Le travail du bois&nbsp;: de la fonctionnalit\u00e9 \u00e0 l\u2019esth\u00e9tique<\/strong><\/p>\n\n\n\n<p>Le bois, quant \u00e0 lui, est un mat\u00e9riau vivant et noble, que j&rsquo;aime travailler pour en r\u00e9v\u00e9ler toute la beaut\u00e9 naturelle. \u00c0 travers mes mains, des planches \u00e0 d\u00e9couper, des cuill\u00e8res, et des figurines en bois prennent forme. Chacun de ces objets est con\u00e7u avec le souci du d\u00e9tail, alliant solidit\u00e9, fonctionnalit\u00e9, et esth\u00e9tique. Je choisis mes essences de bois pour leur qualit\u00e9, leur durabilit\u00e9, et leur beaut\u00e9 intrins\u00e8que, afin de cr\u00e9er des pi\u00e8ces \u00e0 la fois utiles et artistiques. J\u2019aime voir appara\u00eetre les veines et n\u0153uds. Chaque pi\u00e8ce de bois a sa propre histoire, son caract\u00e8re. D\u2019o\u00f9 vient-elle&nbsp;? De quel arbre&nbsp;?<\/p>\n\n\n\n<p class=\"has-medium-font-size\"><strong>Une Approche Authentique et Respectueuse<\/strong><\/p>\n\n\n\n<p>Mon approche est profond\u00e9ment ancr\u00e9e dans le respect des mat\u00e9riaux et de la nature. Chaque pi\u00e8ce que je cr\u00e9e est unique, con\u00e7ue pour durer et \u00eatre appr\u00e9ci\u00e9e au quotidien. En choisissant mes cr\u00e9ations, vous invitez chez vous des objets faits main, impr\u00e9gn\u00e9s d&rsquo;une histoire, d&rsquo;un savoir-faire traditionnel, et d&rsquo;une attention particuli\u00e8re \u00e0 chaque \u00e9tape de leur fabrication.<\/p>\n","protected":false},"excerpt":{"rendered":"<p>Entre laine et bois. Bienvenue dans mon univers du fait main, o\u00f9 la tradition rencontre la cr\u00e9ativit\u00e9. Passionn\u00e9e par les mat\u00e9riaux naturels et leur potentiel infini, je transforme avec soin et amour la laine et le bois en objets uniques qui racontent une histoire. Mon histoire de l\u2019artisanat a commenc\u00e9 avec la teinture v\u00e9g\u00e9tale qui [&hellip;]<\/p>\n","protected":false},"author":1,"featured_media":0,"parent":0,"menu_order":0,"comment_status":"closed","ping_status":"closed","template":"","meta":{"footnotes":""},"class_list":["post-66","page","type-page","status-publish","hentry"],"jetpack_sharing_enabled":true,"_links":{"self":[{"href":"https:\/\/www.bellibule.fr\/index.php\/wp-json\/wp\/v2\/pages\/66","targetHints":{"allow":["GET"]}}],"collection":[{"href":"https:\/\/www.bellibule.fr\/index.php\/wp-json\/wp\/v2\/pages"}],"about":[{"href":"https:\/\/www.bellibule.fr\/index.php\/wp-json\/wp\/v2\/types\/page"}],"author":[{"embeddable":true,"href":"https:\/\/www.bellibule.fr\/index.php\/wp-json\/wp\/v2\/users\/1"}],"replies":[{"embeddable":true,"href":"https:\/\/www.bellibule.fr\/index.php\/wp-json\/wp\/v2\/comments?post=66"}],"version-history":[{"count":1,"href":"https:\/\/www.bellibule.fr\/index.php\/wp-json\/wp\/v2\/pages\/66\/revisions"}],"predecessor-version":[{"id":68,"href":"https:\/\/www.bellibule.fr\/index.php\/wp-json\/wp\/v2\/pages\/66\/revisions\/68"}],"wp:attachment":[{"href":"https:\/\/www.bellibule.fr\/index.php\/wp-json\/wp\/v2\/media?parent=66"}],"curies":[{"name":"wp","href":"https:\/\/api.w.org\/{rel}","templated":true}]}}